{"id":610,"date":"2020-12-11T09:55:27","date_gmt":"2020-12-11T08:55:27","guid":{"rendered":"http:\/\/pvcss-saese-test.de\/home\/?page_id=610"},"modified":"2021-09-24T08:46:55","modified_gmt":"2021-09-24T07:46:55","slug":"saegeservice","status":"publish","type":"page","link":"https:\/\/slicingservice.com\/home\/saegeservice","title":{"rendered":"S\u00e4geservice"},"content":{"rendered":"\t\t<div data-elementor-type=\"wp-page\" data-elementor-id=\"610\" class=\"elementor elementor-610\">\n\t\t\t\t\t\t<section class=\"elementor-section elementor-top-section elementor-element elementor-element-c0682c7 elementor-section-boxed elementor-section-height-default elementor-section-height-default\" data-id=\"c0682c7\" data-element_type=\"section\">\n\t\t\t\t\t\t<div class=\"elementor-container elementor-column-gap-default\">\n\t\t\t\t\t<div class=\"elementor-column elementor-col-50 elementor-top-column elementor-element elementor-element-d80385a\" data-id=\"d80385a\" data-element_type=\"column\">\n\t\t\t<div class=\"elementor-widget-wrap elementor-element-populated\">\n\t\t\t\t\t\t<div class=\"elementor-element elementor-element-5186f91 elementor-widget elementor-widget-heading\" data-id=\"5186f91\" data-element_type=\"widget\" data-widget_type=\"heading.default\">\n\t\t\t\t<div class=\"elementor-widget-container\">\n\t\t\t\t\t<h1 class=\"elementor-heading-title elementor-size-default\">S\u00c4GESERVICE: UNSER SERVICE F\u00dcR SIE<\/h1>\t\t\t\t<\/div>\n\t\t\t\t<\/div>\n\t\t\t\t<div class=\"elementor-element elementor-element-34edf2a elementor-widget elementor-widget-text-editor\" data-id=\"34edf2a\" data-element_type=\"widget\" data-widget_type=\"text-editor.default\">\n\t\t\t\t<div class=\"elementor-widget-container\">\n\t\t\t\t\t\t\t\t\t<p>Sie haben die Produktidee &#8211; wir setzen sie konsequent um und unterst\u00fctzen Sie vom ersten Trennversuch bis zur Serienproduktion.<\/p>\n<p>Die PV Crystalox Solar Silicon GmbH ist Experte auf dem Gebiet der produktspezifischen&nbsp; Trenntechnologien f\u00fcr spr\u00f6d-harte Materialien mit Spezialanforderungen.<\/p>\n<p>Profitieren Sie von unseren vielf\u00e4ltigen L\u00f6sungsm\u00f6glichkeiten und der komplexen Fertigungstiefe aus einer Hand.<\/p>\n<p>Mit der typischen Flexibilit\u00e4t und Schnelligkeit eines mittelst\u00e4ndischen Unternehmens bieten wir Komplettl\u00f6sungen inklusive hoher Beratungskompetenz.<\/p>\n<p>Dabei liegt der Fokus auf dem Angebot variabler L\u00f6sungen f\u00fcr unterschiedliche Materialien und Produktgeometrien in technologiebasierten Branchen wie die der Halbleiterindustrie, Automotive, Medizintechnik, Optik, Luft- und Raumfahrt, Unterhaltungselektronik, Schmuck\/Uhren und Photovoltaik.<\/p>\n<p>Wir greifen auf unsere Erfahrungen zur\u00fcck, um Wege zu Trennung, Reinigung, Trocknung, Charakterisierung und bruchsichere Verpackung f\u00fcr Produkte unter anspruchsvollen Bedingungen und in Verbindung mit vielf\u00e4ltigen Gr\u00f6\u00dfen und Formen zu entwickeln.<\/p>\t\t\t\t\t\t\t\t<\/div>\n\t\t\t\t<\/div>\n\t\t\t\t\t<\/div>\n\t\t<\/div>\n\t\t\t\t<div class=\"elementor-column elementor-col-50 elementor-top-column elementor-element elementor-element-4fbbaed\" data-id=\"4fbbaed\" data-element_type=\"column\">\n\t\t\t<div class=\"elementor-widget-wrap elementor-element-populated\">\n\t\t\t\t\t\t<div class=\"elementor-element elementor-element-ac26857 elementor-widget elementor-widget-image\" data-id=\"ac26857\" data-element_type=\"widget\" data-widget_type=\"image.default\">\n\t\t\t\t<div class=\"elementor-widget-container\">\n\t\t\t\t\t\t\t\t\t\t\t\t\t\t\t<img fetchpriority=\"high\" decoding=\"async\" width=\"576\" height=\"582\" src=\"https:\/\/slicingservice.com\/wp-content\/uploads\/2021\/02\/various_quartz_kurz.jpg\" class=\"attachment-large size-large wp-image-1369\" alt=\"Verschiedene Formate\" srcset=\"https:\/\/slicingservice.com\/wp-content\/uploads\/2021\/02\/various_quartz_kurz.jpg 576w, https:\/\/slicingservice.com\/wp-content\/uploads\/2021\/02\/various_quartz_kurz-297x300.jpg 297w\" sizes=\"(max-width: 576px) 100vw, 576px\" \/>\t\t\t\t\t\t\t\t\t\t\t\t\t\t\t<\/div>\n\t\t\t\t<\/div>\n\t\t\t\t\t<\/div>\n\t\t<\/div>\n\t\t\t\t\t<\/div>\n\t\t<\/section>\n\t\t\t\t<section class=\"elementor-section elementor-top-section elementor-element elementor-element-3240180 elementor-section-boxed elementor-section-height-default elementor-section-height-default\" data-id=\"3240180\" data-element_type=\"section\">\n\t\t\t\t\t\t<div class=\"elementor-container elementor-column-gap-default\">\n\t\t\t\t\t<div class=\"elementor-column elementor-col-50 elementor-top-column elementor-element elementor-element-cb3e998\" data-id=\"cb3e998\" data-element_type=\"column\">\n\t\t\t<div class=\"elementor-widget-wrap elementor-element-populated\">\n\t\t\t\t\t\t<div class=\"elementor-element elementor-element-6dfec5d elementor-widget elementor-widget-image\" data-id=\"6dfec5d\" data-element_type=\"widget\" data-widget_type=\"image.default\">\n\t\t\t\t<div class=\"elementor-widget-container\">\n\t\t\t\t\t\t\t\t\t\t\t\t\t\t\t<img decoding=\"async\" width=\"1024\" height=\"681\" src=\"https:\/\/slicingservice.com\/wp-content\/uploads\/2019\/09\/displays-1024x681.jpg\" class=\"attachment-large size-large wp-image-235\" alt=\"various machine displays\" srcset=\"https:\/\/slicingservice.com\/wp-content\/uploads\/2019\/09\/displays-1024x681.jpg 1024w, https:\/\/slicingservice.com\/wp-content\/uploads\/2019\/09\/displays-300x199.jpg 300w, https:\/\/slicingservice.com\/wp-content\/uploads\/2019\/09\/displays-768x511.jpg 768w\" sizes=\"(max-width: 1024px) 100vw, 1024px\" \/>\t\t\t\t\t\t\t\t\t\t\t\t\t\t\t<\/div>\n\t\t\t\t<\/div>\n\t\t\t\t\t<\/div>\n\t\t<\/div>\n\t\t\t\t<div class=\"elementor-column elementor-col-50 elementor-top-column elementor-element elementor-element-ff3eb87\" data-id=\"ff3eb87\" data-element_type=\"column\">\n\t\t\t<div class=\"elementor-widget-wrap elementor-element-populated\">\n\t\t\t\t\t\t<div class=\"elementor-element elementor-element-6d2d88a elementor-widget elementor-widget-text-editor\" data-id=\"6d2d88a\" data-element_type=\"widget\" data-widget_type=\"text-editor.default\">\n\t\t\t\t<div class=\"elementor-widget-container\">\n\t\t\t\t\t\t\t\t\t<p>Unsere Prozesse werden kontinuierlich verbessert, um eine gute Qualit\u00e4t zu marktf\u00e4higen Konditionen zu erreichen. Aus der engen Kundenbeziehung unseres technischen Vertriebs erwachsen neue Ideen und Anregungen f\u00fcr weitere Innovationen.<\/p><p>Eine partnerschaftliche Kundenbeziehung ist daher ein wichtiges Element f\u00fcr die Entwicklung der PV Crystalox Solar Silicon GmbH.<\/p><p>Unser Antrieb ist es, Leistungsgrenzen immer wieder neu zu definieren. Unsere Kunden profitieren dabei von unserem technologischen Vorsprung wie auch von unserem fundierten Verst\u00e4ndnis f\u00fcr individuelle Anforderungen, Anwendungen und Prozesse und vom hochspezialisierten Know-How und innovativer Projektabwicklung.<\/p><p>Wir gew\u00e4hrleisten verantwortungsvollen und qualit\u00e4tsbewussten Umgang mit Ihrem Produkt \u00fcber alle Prozesse f\u00fcr Produkte unterschiedlichster Formate und Qualit\u00e4tsanforderungen. Ihr Produkt ist bei uns in guten H\u00e4nden, wir bewerten Qualit\u00e4t im \u00b5m-Ma\u00dfstab!<\/p><p>Bitte kontaktieren Sie uns, wir stehen Ihnen mit all unseren M\u00f6glichkeiten zur Verf\u00fcgung.<\/p>\t\t\t\t\t\t\t\t<\/div>\n\t\t\t\t<\/div>\n\t\t\t\t\t<\/div>\n\t\t<\/div>\n\t\t\t\t\t<\/div>\n\t\t<\/section>\n\t\t\t\t<\/div>\n\t\t","protected":false},"excerpt":{"rendered":"<p>S\u00c4GESERVICE: UNSER SERVICE F\u00dcR SIE Sie haben die Produktidee &#8211; wir setzen sie konsequent um und unterst\u00fctzen Sie vom ersten Trennversuch bis zur Serienproduktion. Die PV Crystalox Solar Silicon GmbH ist Experte auf dem Gebiet der produktspezifischen&nbsp; Trenntechnologien f\u00fcr spr\u00f6d-harte Materialien mit Spezialanforderungen. Profitieren Sie von unseren vielf\u00e4ltigen L\u00f6sungsm\u00f6glichkeiten und der komplexen Fertigungstiefe aus einer [&hellip;]<\/p>\n","protected":false},"author":1,"featured_media":0,"parent":0,"menu_order":0,"comment_status":"closed","ping_status":"closed","template":"","meta":{"ocean_post_layout":"full-width","ocean_both_sidebars_style":"","ocean_both_sidebars_content_width":0,"ocean_both_sidebars_sidebars_width":0,"ocean_sidebar":"0","ocean_second_sidebar":"0","ocean_disable_margins":"enable","ocean_add_body_class":"","ocean_shortcode_before_top_bar":"","ocean_shortcode_after_top_bar":"","ocean_shortcode_before_header":"","ocean_shortcode_after_header":"","ocean_has_shortcode":"","ocean_shortcode_after_title":"","ocean_shortcode_before_footer_widgets":"","ocean_shortcode_after_footer_widgets":"","ocean_shortcode_before_footer_bottom":"","ocean_shortcode_after_footer_bottom":"","ocean_display_top_bar":"off","ocean_display_header":"default","ocean_header_style":"custom","ocean_center_header_left_menu":"0","ocean_custom_header_template":"5","ocean_custom_logo":0,"ocean_custom_retina_logo":0,"ocean_custom_logo_max_width":0,"ocean_custom_logo_tablet_max_width":0,"ocean_custom_logo_mobile_max_width":0,"ocean_custom_logo_max_height":0,"ocean_custom_logo_tablet_max_height":0,"ocean_custom_logo_mobile_max_height":0,"ocean_header_custom_menu":"5","ocean_menu_typo_font_family":"0","ocean_menu_typo_font_subset":"","ocean_menu_typo_font_size":0,"ocean_menu_typo_font_size_tablet":0,"ocean_menu_typo_font_size_mobile":0,"ocean_menu_typo_font_size_unit":"px","ocean_menu_typo_font_weight":"","ocean_menu_typo_font_weight_tablet":"","ocean_menu_typo_font_weight_mobile":"","ocean_menu_typo_transform":"","ocean_menu_typo_transform_tablet":"","ocean_menu_typo_transform_mobile":"","ocean_menu_typo_line_height":0,"ocean_menu_typo_line_height_tablet":0,"ocean_menu_typo_line_height_mobile":0,"ocean_menu_typo_line_height_unit":"","ocean_menu_typo_spacing":0,"ocean_menu_typo_spacing_tablet":0,"ocean_menu_typo_spacing_mobile":0,"ocean_menu_typo_spacing_unit":"","ocean_menu_link_color":"","ocean_menu_link_color_hover":"","ocean_menu_link_color_active":"","ocean_menu_link_background":"","ocean_menu_link_hover_background":"","ocean_menu_link_active_background":"","ocean_menu_social_links_bg":"","ocean_menu_social_hover_links_bg":"","ocean_menu_social_links_color":"","ocean_menu_social_hover_links_color":"","ocean_disable_title":"on","ocean_disable_heading":"default","ocean_post_title":"","ocean_post_subheading":"","ocean_post_title_style":"","ocean_post_title_background_color":"","ocean_post_title_background":0,"ocean_post_title_bg_image_position":"","ocean_post_title_bg_image_attachment":"","ocean_post_title_bg_image_repeat":"","ocean_post_title_bg_image_size":"","ocean_post_title_height":0,"ocean_post_title_bg_overlay":0.5,"ocean_post_title_bg_overlay_color":"","ocean_disable_breadcrumbs":"off","ocean_breadcrumbs_color":"","ocean_breadcrumbs_separator_color":"","ocean_breadcrumbs_links_color":"","ocean_breadcrumbs_links_hover_color":"","ocean_display_footer_widgets":"default","ocean_display_footer_bottom":"off","ocean_custom_footer_template":"29","footnotes":""},"_links":{"self":[{"href":"https:\/\/slicingservice.com\/home\/wp-json\/wp\/v2\/pages\/610"}],"collection":[{"href":"https:\/\/slicingservice.com\/home\/wp-json\/wp\/v2\/pages"}],"about":[{"href":"https:\/\/slicingservice.com\/home\/wp-json\/wp\/v2\/types\/page"}],"author":[{"embeddable":true,"href":"https:\/\/slicingservice.com\/home\/wp-json\/wp\/v2\/users\/1"}],"replies":[{"embeddable":true,"href":"https:\/\/slicingservice.com\/home\/wp-json\/wp\/v2\/comments?post=610"}],"version-history":[{"count":59,"href":"https:\/\/slicingservice.com\/home\/wp-json\/wp\/v2\/pages\/610\/revisions"}],"predecessor-version":[{"id":2598,"href":"https:\/\/slicingservice.com\/home\/wp-json\/wp\/v2\/pages\/610\/revisions\/2598"}],"wp:attachment":[{"href":"https:\/\/slicingservice.com\/home\/wp-json\/wp\/v2\/media?parent=610"}],"curies":[{"name":"wp","href":"https:\/\/api.w.org\/{rel}","templated":true}]}}