{"id":535,"date":"2020-12-01T15:04:15","date_gmt":"2020-12-01T14:04:15","guid":{"rendered":"http:\/\/pvcss-saese-test.de\/?page_id=535"},"modified":"2021-09-27T13:24:38","modified_gmt":"2021-09-27T12:24:38","slug":"technologie","status":"publish","type":"page","link":"https:\/\/slicingservice.com\/home\/technologie","title":{"rendered":"Technologie"},"content":{"rendered":"\t\t<div data-elementor-type=\"wp-page\" data-elementor-id=\"535\" class=\"elementor elementor-535\">\n\t\t\t\t\t\t<section class=\"elementor-section elementor-top-section elementor-element elementor-element-d737a56 elementor-section-boxed elementor-section-height-default elementor-section-height-default\" data-id=\"d737a56\" data-element_type=\"section\">\n\t\t\t\t\t\t<div class=\"elementor-container elementor-column-gap-default\">\n\t\t\t\t\t<div class=\"elementor-column elementor-col-50 elementor-top-column elementor-element elementor-element-97ea911\" data-id=\"97ea911\" data-element_type=\"column\">\n\t\t\t<div class=\"elementor-widget-wrap elementor-element-populated\">\n\t\t\t\t\t\t<div class=\"elementor-element elementor-element-eb7c753 elementor-widget elementor-widget-heading\" data-id=\"eb7c753\" data-element_type=\"widget\" data-widget_type=\"heading.default\">\n\t\t\t\t<div class=\"elementor-widget-container\">\n\t\t\t\t\t<h1 class=\"elementor-heading-title elementor-size-default\">TECHNOLOGIE DRAHTS\u00c4GEN<\/h1>\t\t\t\t<\/div>\n\t\t\t\t<\/div>\n\t\t\t\t<div class=\"elementor-element elementor-element-9773d28 elementor-widget elementor-widget-text-editor\" data-id=\"9773d28\" data-element_type=\"widget\" data-widget_type=\"text-editor.default\">\n\t\t\t\t<div class=\"elementor-widget-container\">\n\t\t\t\t\t\t\t\t\t<p>Die Kernkompetenz der PV Crystalox Solar Silicon GmbH besteht im Schneiden\u00a0spr\u00f6d-harter Materialien wie (Quarz)-Gl\u00e4ser, Glaskeramiken, Kristalle, (Nicht)oxid-Keramiken, Legierungen, Verbundmaterialien und Natursteine.<\/p><p>Zum Trennen der Materialien wird das Drahttrennl\u00e4ppverfahren, umgangssprachlich auch \u201eDrahts\u00e4gen\u201c genannt, eingesetzt. Dabei wird ein sehr d\u00fcnner Stahldraht mit hoher Geschwindigkeit \u00fcber berillte Walzen (blau)\u00a0 abgezogen, wodurch ein Drahtfeld von bis zu 3500 horizontal parallel laufenden Drahtschlaufen bewegt wird. Dieses Draht\u00ad\u00adfeld wird kontinuierlich mit einer S\u00e4gesuspension (Slurry) benetzt. Die Slurry be\u00adsteht aus einer Tr\u00e4gerfl\u00fcssigkeit und Abrasivpartikeln. Das zu s\u00e4gende Material wird langsam \u00fcber mehrere Stunden vertikal durch das Drahtfeld getrieben. Der von der Slurry benetzte Draht transportiert die Partikel in den S\u00e4gespalt, wo diese abrasiv wirken.\u00a0 Somit k\u00f6nnen mit einem Trennvorgang bis zu tausende Scheiben Ihres Materials geschnitten werden.<\/p><p>Die von uns entwickelten Trennverfahren sto\u00dfen dabei in Bereiche vor, die mit konventionellen S\u00e4getechnologien nicht zu erreichen sind.<\/p><p>Unsere Technologie ist dadurch vielfach kosten- und materialeffizienter als herk\u00f6mmliche S\u00e4geprozesse.<\/p>\t\t\t\t\t\t\t\t<\/div>\n\t\t\t\t<\/div>\n\t\t\t\t\t<\/div>\n\t\t<\/div>\n\t\t\t\t<div class=\"elementor-column elementor-col-50 elementor-top-column elementor-element elementor-element-25e98f6\" data-id=\"25e98f6\" data-element_type=\"column\">\n\t\t\t<div class=\"elementor-widget-wrap elementor-element-populated\">\n\t\t\t\t\t\t<div class=\"elementor-element elementor-element-f6bcebe elementor-widget elementor-widget-image\" data-id=\"f6bcebe\" data-element_type=\"widget\" data-widget_type=\"image.default\">\n\t\t\t\t<div class=\"elementor-widget-container\">\n\t\t\t\t\t\t\t\t\t\t\t\t\t\t\t<img fetchpriority=\"high\" decoding=\"async\" width=\"640\" height=\"480\" src=\"https:\/\/slicingservice.com\/wp-content\/uploads\/2019\/07\/DS_Animation_resized.gif\" class=\"attachment-large size-large wp-image-178\" alt=\"Wiresawing of brittle material such as silicon, glass, crystals, ceramics... with minimal material losses and high output\" \/>\t\t\t\t\t\t\t\t\t\t\t\t\t\t\t<\/div>\n\t\t\t\t<\/div>\n\t\t\t\t\t<\/div>\n\t\t<\/div>\n\t\t\t\t\t<\/div>\n\t\t<\/section>\n\t\t\t\t<section class=\"elementor-section elementor-top-section elementor-element elementor-element-43ba38e elementor-section-full_width elementor-section-height-min-height elementor-section-stretched elementor-section-height-default elementor-section-items-middle\" data-id=\"43ba38e\" data-element_type=\"section\" data-settings=\"{&quot;stretch_section&quot;:&quot;section-stretched&quot;,&quot;background_background&quot;:&quot;classic&quot;}\">\n\t\t\t\t\t\t<div class=\"elementor-container elementor-column-gap-default\">\n\t\t\t\t\t<div class=\"elementor-column elementor-col-100 elementor-top-column elementor-element elementor-element-8b71182\" data-id=\"8b71182\" data-element_type=\"column\">\n\t\t\t<div class=\"elementor-widget-wrap elementor-element-populated\">\n\t\t\t\t\t\t<div class=\"elementor-element elementor-element-f6855c1 elementor-widget elementor-widget-menu-anchor\" data-id=\"f6855c1\" data-element_type=\"widget\" data-widget_type=\"menu-anchor.default\">\n\t\t\t\t<div class=\"elementor-widget-container\">\n\t\t\t\t\t\t\t<div class=\"elementor-menu-anchor\" id=\"Maschinenpark\"><\/div>\n\t\t\t\t\t\t<\/div>\n\t\t\t\t<\/div>\n\t\t\t\t<div class=\"elementor-element elementor-element-3c3b4a1 elementor-widget elementor-widget-spacer\" data-id=\"3c3b4a1\" data-element_type=\"widget\" data-widget_type=\"spacer.default\">\n\t\t\t\t<div class=\"elementor-widget-container\">\n\t\t\t\t\t\t\t<div class=\"elementor-spacer\">\n\t\t\t<div class=\"elementor-spacer-inner\"><\/div>\n\t\t<\/div>\n\t\t\t\t\t\t<\/div>\n\t\t\t\t<\/div>\n\t\t\t\t\t<\/div>\n\t\t<\/div>\n\t\t\t\t\t<\/div>\n\t\t<\/section>\n\t\t\t\t<section class=\"elementor-section elementor-top-section elementor-element elementor-element-c085ede elementor-section-boxed elementor-section-height-default elementor-section-height-default\" data-id=\"c085ede\" data-element_type=\"section\">\n\t\t\t\t\t\t<div class=\"elementor-container elementor-column-gap-default\">\n\t\t\t\t\t<div class=\"elementor-column elementor-col-100 elementor-top-column elementor-element elementor-element-ed1abfe\" data-id=\"ed1abfe\" data-element_type=\"column\">\n\t\t\t<div class=\"elementor-widget-wrap elementor-element-populated\">\n\t\t\t\t\t\t<div class=\"elementor-element elementor-element-c62fbb6 elementor-widget elementor-widget-spacer\" data-id=\"c62fbb6\" data-element_type=\"widget\" data-widget_type=\"spacer.default\">\n\t\t\t\t<div class=\"elementor-widget-container\">\n\t\t\t\t\t\t\t<div class=\"elementor-spacer\">\n\t\t\t<div class=\"elementor-spacer-inner\"><\/div>\n\t\t<\/div>\n\t\t\t\t\t\t<\/div>\n\t\t\t\t<\/div>\n\t\t\t\t\t<\/div>\n\t\t<\/div>\n\t\t\t\t\t<\/div>\n\t\t<\/section>\n\t\t\t\t<section class=\"elementor-section elementor-top-section elementor-element elementor-element-c358170 elementor-section-boxed elementor-section-height-default elementor-section-height-default\" data-id=\"c358170\" data-element_type=\"section\">\n\t\t\t\t\t\t<div class=\"elementor-container elementor-column-gap-default\">\n\t\t\t\t\t<div class=\"elementor-column elementor-col-66 elementor-top-column elementor-element elementor-element-688c5fb\" data-id=\"688c5fb\" data-element_type=\"column\">\n\t\t\t<div class=\"elementor-widget-wrap elementor-element-populated\">\n\t\t\t\t\t\t<div class=\"elementor-element elementor-element-4777281 elementor-widget elementor-widget-heading\" data-id=\"4777281\" data-element_type=\"widget\" data-widget_type=\"heading.default\">\n\t\t\t\t<div class=\"elementor-widget-container\">\n\t\t\t\t\t<h1 class=\"elementor-heading-title elementor-size-default\">MASCHINENPARK<\/h1>\t\t\t\t<\/div>\n\t\t\t\t<\/div>\n\t\t\t\t<div class=\"elementor-element elementor-element-b75851b elementor-widget elementor-widget-text-editor\" data-id=\"b75851b\" data-element_type=\"widget\" data-widget_type=\"text-editor.default\">\n\t\t\t\t<div class=\"elementor-widget-container\">\n\t\t\t\t\t\t\t\t\t<p>Dank unserer 20-j\u00e4hrigen Gesch\u00e4ftst\u00e4tigkeit verf\u00fcgen wir \u00fcber einen Maschinenpark, der es uns erlaubt, verschiedenste Formate und Geometrien Ihrer Materialien zu trennen, die entstandenen Scheiben zu vereinzeln, zu reinigen, zu pr\u00fcfen und bruchsicher zu verpacken.<\/p>\t\t\t\t\t\t\t\t<\/div>\n\t\t\t\t<\/div>\n\t\t\t\t<div class=\"elementor-element elementor-element-3511d57 elementor-widget elementor-widget-heading\" data-id=\"3511d57\" data-element_type=\"widget\" data-widget_type=\"heading.default\">\n\t\t\t\t<div class=\"elementor-widget-container\">\n\t\t\t\t\t<h2 class=\"elementor-heading-title elementor-size-default\">Vieldrahts\u00e4gen<\/h2>\t\t\t\t<\/div>\n\t\t\t\t<\/div>\n\t\t\t\t<div class=\"elementor-element elementor-element-7e41cb5 elementor-widget elementor-widget-text-editor\" data-id=\"7e41cb5\" data-element_type=\"widget\" data-widget_type=\"text-editor.default\">\n\t\t\t\t<div class=\"elementor-widget-container\">\n\t\t\t\t\t\t\t\t\t<p>Unsere Vieldrahts\u00e4gen unterschiedlicher Generationen erlauben eine Beladung mit einer Vielzahl an Formaten, um hochpr\u00e4zise Schnitte mit bis zu 0,14 mm d\u00fcnnen Scheiben mit sehr homogenen Oberfl\u00e4chen durchf\u00fchren zu k\u00f6nnen.<\/p><p>Das m\u00f6gliche Formatspektrum Ihrer Materialien reicht vom Quader \u00fcber Zylinder und Hohlzylinder, runden St\u00e4ben und Stangen, Ingots, Boules, Rohren, Billets, Ronden, Hubel bis hin zu Kristallen.<\/p><p>Dar\u00fcber hinaus sind wir in der Lage, gro\u00dfe Hohlzylinder und Rohre verschiedenster Durchmesser in Scheiben bzw. Ringe mit Dicken nach Ihrer Anforderung effizient zu trennen.<\/p>\t\t\t\t\t\t\t\t<\/div>\n\t\t\t\t<\/div>\n\t\t\t\t\t<\/div>\n\t\t<\/div>\n\t\t\t\t<div class=\"elementor-column elementor-col-33 elementor-top-column elementor-element elementor-element-1f96921\" data-id=\"1f96921\" data-element_type=\"column\">\n\t\t\t<div class=\"elementor-widget-wrap elementor-element-populated\">\n\t\t\t\t\t\t<div class=\"elementor-element elementor-element-17d109a elementor-widget elementor-widget-image\" data-id=\"17d109a\" data-element_type=\"widget\" data-widget_type=\"image.default\">\n\t\t\t\t<div class=\"elementor-widget-container\">\n\t\t\t\t\t\t\t\t\t\t\t\t\t\t\t<img decoding=\"async\" width=\"285\" height=\"320\" src=\"https:\/\/slicingservice.com\/wp-content\/uploads\/2021\/03\/DS271.png\" class=\"attachment-large size-large wp-image-1476\" alt=\"\" srcset=\"https:\/\/slicingservice.com\/wp-content\/uploads\/2021\/03\/DS271.png 285w, https:\/\/slicingservice.com\/wp-content\/uploads\/2021\/03\/DS271-267x300.png 267w\" sizes=\"(max-width: 285px) 100vw, 285px\" \/>\t\t\t\t\t\t\t\t\t\t\t\t\t\t\t<\/div>\n\t\t\t\t<\/div>\n\t\t\t\t\t<\/div>\n\t\t<\/div>\n\t\t\t\t\t<\/div>\n\t\t<\/section>\n\t\t\t\t<section class=\"elementor-section elementor-top-section elementor-element elementor-element-6f72375 elementor-section-boxed elementor-section-height-default elementor-section-height-default\" data-id=\"6f72375\" data-element_type=\"section\">\n\t\t\t\t\t\t<div class=\"elementor-container elementor-column-gap-default\">\n\t\t\t\t\t<div class=\"elementor-column elementor-col-33 elementor-top-column elementor-element elementor-element-6bc188b\" data-id=\"6bc188b\" data-element_type=\"column\">\n\t\t\t<div class=\"elementor-widget-wrap elementor-element-populated\">\n\t\t\t\t\t\t<div class=\"elementor-element elementor-element-35a0f55 elementor-widget elementor-widget-image\" data-id=\"35a0f55\" data-element_type=\"widget\" data-widget_type=\"image.default\">\n\t\t\t\t<div class=\"elementor-widget-container\">\n\t\t\t\t\t\t\t\t\t\t\t\t\t\t\t<img decoding=\"async\" width=\"1024\" height=\"768\" src=\"https:\/\/slicingservice.com\/wp-content\/uploads\/2021\/03\/Squarer-1024x768.jpg\" class=\"attachment-large size-large wp-image-1493\" alt=\"\" srcset=\"https:\/\/slicingservice.com\/wp-content\/uploads\/2021\/03\/Squarer-1024x768.jpg 1024w, https:\/\/slicingservice.com\/wp-content\/uploads\/2021\/03\/Squarer-300x225.jpg 300w, https:\/\/slicingservice.com\/wp-content\/uploads\/2021\/03\/Squarer-768x576.jpg 768w, https:\/\/slicingservice.com\/wp-content\/uploads\/2021\/03\/Squarer-1536x1152.jpg 1536w, https:\/\/slicingservice.com\/wp-content\/uploads\/2021\/03\/Squarer-2048x1536.jpg 2048w\" sizes=\"(max-width: 1024px) 100vw, 1024px\" \/>\t\t\t\t\t\t\t\t\t\t\t\t\t\t\t<\/div>\n\t\t\t\t<\/div>\n\t\t\t\t\t<\/div>\n\t\t<\/div>\n\t\t\t\t<div class=\"elementor-column elementor-col-66 elementor-top-column elementor-element elementor-element-29c2e3a\" data-id=\"29c2e3a\" data-element_type=\"column\">\n\t\t\t<div class=\"elementor-widget-wrap elementor-element-populated\">\n\t\t\t\t\t\t<div class=\"elementor-element elementor-element-b88ac01 elementor-widget elementor-widget-heading\" data-id=\"b88ac01\" data-element_type=\"widget\" data-widget_type=\"heading.default\">\n\t\t\t\t<div class=\"elementor-widget-container\">\n\t\t\t\t\t<h2 class=\"elementor-heading-title elementor-size-default\">Vieldrahtsquarer<\/h2>\t\t\t\t<\/div>\n\t\t\t\t<\/div>\n\t\t\t\t<div class=\"elementor-element elementor-element-43475e2 elementor-widget elementor-widget-text-editor\" data-id=\"43475e2\" data-element_type=\"widget\" data-widget_type=\"text-editor.default\">\n\t\t\t\t<div class=\"elementor-widget-container\">\n\t\t\t\t\t\t\t\t\t<p>Unser Vieldrahtsquarer verf\u00fcgt \u00fcber ein rechtwinklig gekreuztes Drahtfeld und erm\u00f6glicht das Trennen von sehr gro\u00dfen rechteckigen Formaten mit bis zu 750 mm Kantenl\u00e4nge und einer H\u00f6he bis zu 500 mm.<\/p>\t\t\t\t\t\t\t\t<\/div>\n\t\t\t\t<\/div>\n\t\t\t\t\t<\/div>\n\t\t<\/div>\n\t\t\t\t\t<\/div>\n\t\t<\/section>\n\t\t\t\t<section class=\"elementor-section elementor-top-section elementor-element elementor-element-c2798d4 elementor-section-boxed elementor-section-height-default elementor-section-height-default\" data-id=\"c2798d4\" data-element_type=\"section\">\n\t\t\t\t\t\t<div class=\"elementor-container elementor-column-gap-default\">\n\t\t\t\t\t<div class=\"elementor-column elementor-col-66 elementor-top-column elementor-element elementor-element-176a3c2\" data-id=\"176a3c2\" data-element_type=\"column\">\n\t\t\t<div class=\"elementor-widget-wrap elementor-element-populated\">\n\t\t\t\t\t\t<div class=\"elementor-element elementor-element-676854f elementor-widget elementor-widget-heading\" data-id=\"676854f\" data-element_type=\"widget\" data-widget_type=\"heading.default\">\n\t\t\t\t<div class=\"elementor-widget-container\">\n\t\t\t\t\t<h2 class=\"elementor-heading-title elementor-size-default\">Bands\u00e4ge<\/h2>\t\t\t\t<\/div>\n\t\t\t\t<\/div>\n\t\t\t\t<div class=\"elementor-element elementor-element-6b55eb5 elementor-widget elementor-widget-text-editor\" data-id=\"6b55eb5\" data-element_type=\"widget\" data-widget_type=\"text-editor.default\">\n\t\t\t\t<div class=\"elementor-widget-container\">\n\t\t\t\t\t\t\t\t\t<p>Mit einer Bands\u00e4ge k\u00f6nnen wir mit hoher S\u00e4gegeschwindigkeit Ihre Materialien mit bis zu 800 mm L\u00e4nge teilen.<\/p><p>Alle Produkte werden in aufwendigen Analyse- und Messverfahren entsprechend Ihren Anforderungen und unseren M\u00f6glichkeiten charakterisiert.<\/p><p>Unsere umfangreiche und tiefgreifende technologische Erfahrung zur Herstellung von d\u00fcnnen Scheiben ist Ihr Vorteil.<\/p>\t\t\t\t\t\t\t\t<\/div>\n\t\t\t\t<\/div>\n\t\t\t\t\t<\/div>\n\t\t<\/div>\n\t\t\t\t<div class=\"elementor-column elementor-col-33 elementor-top-column elementor-element elementor-element-71baac9\" data-id=\"71baac9\" data-element_type=\"column\">\n\t\t\t<div class=\"elementor-widget-wrap elementor-element-populated\">\n\t\t\t\t\t\t<div class=\"elementor-element elementor-element-dd79abf elementor-widget elementor-widget-image\" data-id=\"dd79abf\" data-element_type=\"widget\" data-widget_type=\"image.default\">\n\t\t\t\t<div class=\"elementor-widget-container\">\n\t\t\t\t\t\t\t\t\t\t\t\t\t\t\t<img loading=\"lazy\" decoding=\"async\" width=\"1024\" height=\"983\" src=\"https:\/\/slicingservice.com\/wp-content\/uploads\/2021\/03\/UV1A9288-1024x983.jpg\" class=\"attachment-large size-large wp-image-1486\" alt=\"\" srcset=\"https:\/\/slicingservice.com\/wp-content\/uploads\/2021\/03\/UV1A9288-1024x983.jpg 1024w, https:\/\/slicingservice.com\/wp-content\/uploads\/2021\/03\/UV1A9288-300x288.jpg 300w, https:\/\/slicingservice.com\/wp-content\/uploads\/2021\/03\/UV1A9288-768x737.jpg 768w, https:\/\/slicingservice.com\/wp-content\/uploads\/2021\/03\/UV1A9288-1536x1475.jpg 1536w, https:\/\/slicingservice.com\/wp-content\/uploads\/2021\/03\/UV1A9288-2048x1967.jpg 2048w\" sizes=\"(max-width: 1024px) 100vw, 1024px\" \/>\t\t\t\t\t\t\t\t\t\t\t\t\t\t\t<\/div>\n\t\t\t\t<\/div>\n\t\t\t\t\t<\/div>\n\t\t<\/div>\n\t\t\t\t\t<\/div>\n\t\t<\/section>\n\t\t\t\t<\/div>\n\t\t","protected":false},"excerpt":{"rendered":"<p>TECHNOLOGIE DRAHTS\u00c4GEN Die Kernkompetenz der PV Crystalox Solar Silicon GmbH besteht im Schneiden&nbsp;spr\u00f6d-harter Materialien wie (Quarz)-Gl\u00e4ser, Glaskeramiken, Kristalle, (Nicht)oxid-Keramiken, Legierungen, Verbundmaterialien und Natursteine. Zum Trennen der Materialien wird das Drahttrennl\u00e4ppverfahren, umgangssprachlich auch \u201eDrahts\u00e4gen\u201c genannt, eingesetzt. Dabei wird ein sehr d\u00fcnner Stahldraht mit hoher Geschwindigkeit \u00fcber berillte Walzen (blau)&nbsp; abgezogen, wodurch ein Drahtfeld von bis zu [&hellip;]<\/p>\n","protected":false},"author":1,"featured_media":0,"parent":0,"menu_order":0,"comment_status":"closed","ping_status":"closed","template":"","meta":{"ocean_post_layout":"full-width","ocean_both_sidebars_style":"","ocean_both_sidebars_content_width":0,"ocean_both_sidebars_sidebars_width":0,"ocean_sidebar":"0","ocean_second_sidebar":"0","ocean_disable_margins":"enable","ocean_add_body_class":"","ocean_shortcode_before_top_bar":"","ocean_shortcode_after_top_bar":"","ocean_shortcode_before_header":"","ocean_shortcode_after_header":"","ocean_has_shortcode":"","ocean_shortcode_after_title":"","ocean_shortcode_before_footer_widgets":"","ocean_shortcode_after_footer_widgets":"","ocean_shortcode_before_footer_bottom":"","ocean_shortcode_after_footer_bottom":"","ocean_display_top_bar":"off","ocean_display_header":"default","ocean_header_style":"custom","ocean_center_header_left_menu":"0","ocean_custom_header_template":"5","ocean_custom_logo":0,"ocean_custom_retina_logo":0,"ocean_custom_logo_max_width":0,"ocean_custom_logo_tablet_max_width":0,"ocean_custom_logo_mobile_max_width":0,"ocean_custom_logo_max_height":0,"ocean_custom_logo_tablet_max_height":0,"ocean_custom_logo_mobile_max_height":0,"ocean_header_custom_menu":"0","ocean_menu_typo_font_family":"0","ocean_menu_typo_font_subset":"","ocean_menu_typo_font_size":0,"ocean_menu_typo_font_size_tablet":0,"ocean_menu_typo_font_size_mobile":0,"ocean_menu_typo_font_size_unit":"px","ocean_menu_typo_font_weight":"","ocean_menu_typo_font_weight_tablet":"","ocean_menu_typo_font_weight_mobile":"","ocean_menu_typo_transform":"","ocean_menu_typo_transform_tablet":"","ocean_menu_typo_transform_mobile":"","ocean_menu_typo_line_height":0,"ocean_menu_typo_line_height_tablet":0,"ocean_menu_typo_line_height_mobile":0,"ocean_menu_typo_line_height_unit":"","ocean_menu_typo_spacing":0,"ocean_menu_typo_spacing_tablet":0,"ocean_menu_typo_spacing_mobile":0,"ocean_menu_typo_spacing_unit":"","ocean_menu_link_color":"","ocean_menu_link_color_hover":"","ocean_menu_link_color_active":"","ocean_menu_link_background":"","ocean_menu_link_hover_background":"","ocean_menu_link_active_background":"","ocean_menu_social_links_bg":"","ocean_menu_social_hover_links_bg":"","ocean_menu_social_links_color":"","ocean_menu_social_hover_links_color":"","ocean_disable_title":"on","ocean_disable_heading":"default","ocean_post_title":"","ocean_post_subheading":"","ocean_post_title_style":"","ocean_post_title_background_color":"","ocean_post_title_background":0,"ocean_post_title_bg_image_position":"","ocean_post_title_bg_image_attachment":"","ocean_post_title_bg_image_repeat":"","ocean_post_title_bg_image_size":"","ocean_post_title_height":0,"ocean_post_title_bg_overlay":0.5,"ocean_post_title_bg_overlay_color":"","ocean_disable_breadcrumbs":"off","ocean_breadcrumbs_color":"","ocean_breadcrumbs_separator_color":"","ocean_breadcrumbs_links_color":"","ocean_breadcrumbs_links_hover_color":"","ocean_display_footer_widgets":"default","ocean_display_footer_bottom":"off","ocean_custom_footer_template":"29","footnotes":""},"_links":{"self":[{"href":"https:\/\/slicingservice.com\/home\/wp-json\/wp\/v2\/pages\/535"}],"collection":[{"href":"https:\/\/slicingservice.com\/home\/wp-json\/wp\/v2\/pages"}],"about":[{"href":"https:\/\/slicingservice.com\/home\/wp-json\/wp\/v2\/types\/page"}],"author":[{"embeddable":true,"href":"https:\/\/slicingservice.com\/home\/wp-json\/wp\/v2\/users\/1"}],"replies":[{"embeddable":true,"href":"https:\/\/slicingservice.com\/home\/wp-json\/wp\/v2\/comments?post=535"}],"version-history":[{"count":88,"href":"https:\/\/slicingservice.com\/home\/wp-json\/wp\/v2\/pages\/535\/revisions"}],"predecessor-version":[{"id":2588,"href":"https:\/\/slicingservice.com\/home\/wp-json\/wp\/v2\/pages\/535\/revisions\/2588"}],"wp:attachment":[{"href":"https:\/\/slicingservice.com\/home\/wp-json\/wp\/v2\/media?parent=535"}],"curies":[{"name":"wp","href":"https:\/\/api.w.org\/{rel}","templated":true}]}}